{"id":3943,"date":"2020-09-03T20:33:47","date_gmt":"2020-09-04T01:33:47","guid":{"rendered":"http:\/\/apacolmich.com\/?page_id=3943"},"modified":"2021-03-07T14:29:09","modified_gmt":"2021-03-07T20:29:09","slug":"difusion","status":"publish","type":"page","link":"https:\/\/apacolmich.com\/index.php\/difusion\/","title":{"rendered":"Difusi\u00f3n"},"content":{"rendered":"\t\t<div data-elementor-type=\"wp-page\" data-elementor-id=\"3943\" class=\"elementor elementor-3943\" data-elementor-settings=\"[]\">\n\t\t\t\t\t\t<div class=\"elementor-inner\">\n\t\t\t\t\t\t\t<div class=\"elementor-section-wrap\">\n\t\t\t\t\t\t\t<section class=\"elementor-section elementor-top-section elementor-element elementor-element-82edab5 elementor-section-boxed elementor-section-height-default elementor-section-height-default\" data-id=\"82edab5\" data-element_type=\"section\">\n\t\t\t\t\t\t<div class=\"elementor-container elementor-column-gap-default\">\n\t\t\t\t\t\t\t<div class=\"elementor-row\">\n\t\t\t\t\t<div class=\"elementor-column elementor-col-100 elementor-top-column elementor-element elementor-element-966072b\" data-id=\"966072b\" data-element_type=\"column\">\n\t\t\t<div class=\"elementor-column-wrap elementor-element-populated\">\n\t\t\t\t\t\t\t<div class=\"elementor-widget-wrap\">\n\t\t\t\t\t\t<div class=\"elementor-element elementor-element-16b1d07 elementor-widget elementor-widget-heading\" data-id=\"16b1d07\" data-element_type=\"widget\" data-widget_type=\"heading.default\">\n\t\t\t\t<div class=\"elementor-widget-container\">\n\t\t\t<h2 class=\"elementor-heading-title elementor-size-default\">Difusi\u00f3n<\/h2>\t\t<\/div>\n\t\t\t\t<\/div>\n\t\t\t\t\t\t<\/div>\n\t\t\t\t\t<\/div>\n\t\t<\/div>\n\t\t\t\t\t\t\t\t<\/div>\n\t\t\t\t\t<\/div>\n\t\t<\/section>\n\t\t\t\t<section class=\"elementor-section elementor-top-section elementor-element elementor-element-eb09f62 elementor-section-boxed elementor-section-height-default elementor-section-height-default\" data-id=\"eb09f62\" data-element_type=\"section\">\n\t\t\t\t\t\t<div class=\"elementor-container elementor-column-gap-default\">\n\t\t\t\t\t\t\t<div class=\"elementor-row\">\n\t\t\t\t\t<div class=\"elementor-column elementor-col-50 elementor-top-column elementor-element elementor-element-868eed9\" data-id=\"868eed9\" data-element_type=\"column\">\n\t\t\t<div class=\"elementor-column-wrap elementor-element-populated\">\n\t\t\t\t\t\t\t<div class=\"elementor-widget-wrap\">\n\t\t\t\t\t\t<div class=\"elementor-element elementor-element-1885d6e elementor-widget elementor-widget-text-editor\" data-id=\"1885d6e\" data-element_type=\"widget\" data-widget_type=\"text-editor.default\">\n\t\t\t\t<div class=\"elementor-widget-container\">\n\t\t\t\t\t<div class=\"elementor-text-editor elementor-clearfix\"><h3 style=\"text-align: center;\">15 de febrero de 2021<\/h3>\n<h4>Carta FENASSCYT<\/h4>\n<h4>PLENO DE LA SUPREMA CORTE DE JUSTICIA DE LA NACI\u00d3N<\/h4><h4><span style=\"background-color: initial;\">Los suscritos representantes de veinticinco sindicatos de Centros de Investigaci\u00f3n expresamos nuestro desconcierto ante la pretensi\u00f3n de incorporarnos al r\u00e9gimen laboral burocr\u00e1tico regulado por la Ley Federal de los Trabajadores al Servicio del Estado (apartado B del art\u00edculo 123 Constitucional). Lo anterior debido a una revisi\u00f3n a la jurisprudencia. P.\/J. 1\/96 pendiente de resolver por ese H. Pleno.<\/span>&nbsp;&nbsp;<\/h4><\/div>\n\t\t\t\t<\/div>\n\t\t\t\t<\/div>\n\t\t\t\t\t\t<\/div>\n\t\t\t\t\t<\/div>\n\t\t<\/div>\n\t\t\t\t<div class=\"elementor-column elementor-col-50 elementor-top-column elementor-element elementor-element-cbf372a\" data-id=\"cbf372a\" data-element_type=\"column\">\n\t\t\t<div class=\"elementor-column-wrap elementor-element-populated\">\n\t\t\t\t\t\t\t<div class=\"elementor-widget-wrap\">\n\t\t\t\t\t\t<div class=\"elementor-element elementor-element-a39eace elementor-widget elementor-widget-html\" data-id=\"a39eace\" data-element_type=\"widget\" data-widget_type=\"html.default\">\n\t\t\t\t<div class=\"elementor-widget-container\">\n\t\t\t<center><iframe class=\"pdfjs-viewer\" width=\"900px\" height=\"400px\" src=\"https:\/\/apacolmich.com\/wp-content\/plugins\/pdf-viewer\/stable\/web\/viewer.html?file=https:\/\/apacolmich.com\/wp-content\/uploads\/2021\/02\/Jurisprudencia-SCJN_Presidente_ver01.pdf\"><\/iframe> <\/center>\t\t<\/div>\n\t\t\t\t<\/div>\n\t\t\t\t\t\t<\/div>\n\t\t\t\t\t<\/div>\n\t\t<\/div>\n\t\t\t\t\t\t\t\t<\/div>\n\t\t\t\t\t<\/div>\n\t\t<\/section>\n\t\t\t\t<section class=\"elementor-section elementor-top-section elementor-element elementor-element-b14c889 elementor-section-boxed elementor-section-height-default elementor-section-height-default\" data-id=\"b14c889\" data-element_type=\"section\">\n\t\t\t\t\t\t<div class=\"elementor-container elementor-column-gap-default\">\n\t\t\t\t\t\t\t<div class=\"elementor-row\">\n\t\t\t\t\t<div class=\"elementor-column elementor-col-50 elementor-top-column elementor-element elementor-element-b3d8e2d\" data-id=\"b3d8e2d\" data-element_type=\"column\">\n\t\t\t<div class=\"elementor-column-wrap elementor-element-populated\">\n\t\t\t\t\t\t\t<div class=\"elementor-widget-wrap\">\n\t\t\t\t\t\t<div class=\"elementor-element elementor-element-59e4eeb elementor-widget elementor-widget-html\" data-id=\"59e4eeb\" data-element_type=\"widget\" data-widget_type=\"html.default\">\n\t\t\t\t<div class=\"elementor-widget-container\">\n\t\t\t<center><iframe class=\"pdfjs-viewer\" width=\"900px\" height=\"400px\" src=\"https:\/\/apacolmich.com\/wp-content\/plugins\/pdf-viewer\/stable\/web\/viewer.html?file=http:\/\/apacolmich.com\/wp-content\/uploads\/2020\/12\/10_Carta-Abierta-Apacolmich_Sitracolmich.pdf\"><\/iframe> <\/center>\t\t<\/div>\n\t\t\t\t<\/div>\n\t\t\t\t\t\t<\/div>\n\t\t\t\t\t<\/div>\n\t\t<\/div>\n\t\t\t\t<div class=\"elementor-column elementor-col-50 elementor-top-column elementor-element elementor-element-d1231a7\" data-id=\"d1231a7\" data-element_type=\"column\">\n\t\t\t<div class=\"elementor-column-wrap elementor-element-populated\">\n\t\t\t\t\t\t\t<div class=\"elementor-widget-wrap\">\n\t\t\t\t\t\t<div class=\"elementor-element elementor-element-cad3508 elementor-widget elementor-widget-text-editor\" data-id=\"cad3508\" data-element_type=\"widget\" data-widget_type=\"text-editor.default\">\n\t\t\t\t<div class=\"elementor-widget-container\">\n\t\t\t\t\t<div class=\"elementor-text-editor elementor-clearfix\"><h3 style=\"text-align: center;\">30 de noviembre de 2020<\/h3><h4 style=\"text-align: center;\">Exigimos pago para nuestros compa\u00f1eros\u00a0\u00a0<\/h4><h4 style=\"text-align: center;\">Manifestamos nuestro desacuerdo porque cerca de 50 trabajadores se queden sin las prestaciones que habitualmente recib\u00edan al final de cada a\u00f1o\u00a0 \u00a0<\/h4><\/div>\n\t\t\t\t<\/div>\n\t\t\t\t<\/div>\n\t\t\t\t\t\t<\/div>\n\t\t\t\t\t<\/div>\n\t\t<\/div>\n\t\t\t\t\t\t\t\t<\/div>\n\t\t\t\t\t<\/div>\n\t\t<\/section>\n\t\t\t\t<section class=\"elementor-section elementor-top-section elementor-element elementor-element-c799be2 elementor-section-boxed elementor-section-height-default elementor-section-height-default\" data-id=\"c799be2\" data-element_type=\"section\">\n\t\t\t\t\t\t<div class=\"elementor-container elementor-column-gap-default\">\n\t\t\t\t\t\t\t<div class=\"elementor-row\">\n\t\t\t\t\t<div class=\"elementor-column elementor-col-50 elementor-top-column elementor-element elementor-element-6c8efd6\" data-id=\"6c8efd6\" data-element_type=\"column\">\n\t\t\t<div class=\"elementor-column-wrap elementor-element-populated\">\n\t\t\t\t\t\t\t<div class=\"elementor-widget-wrap\">\n\t\t\t\t\t\t<div class=\"elementor-element elementor-element-2f3a950 elementor-widget elementor-widget-text-editor\" data-id=\"2f3a950\" data-element_type=\"widget\" data-widget_type=\"text-editor.default\">\n\t\t\t\t<div class=\"elementor-widget-container\">\n\t\t\t\t\t<div class=\"elementor-text-editor elementor-clearfix\"><h3 style=\"text-align: center;\">07 de octubre de 2020<\/h3><h4>Comunicado<\/h4><h4>Desacuerdo frente al Dictamen elaborado por el Pleno de la C\u00e1mara de Diputados el d\u00eda 06 de octubre para extinguir 109 Fideicomisos p\u00fablicos \u00a0\u00a0<\/h4><\/div>\n\t\t\t\t<\/div>\n\t\t\t\t<\/div>\n\t\t\t\t\t\t<\/div>\n\t\t\t\t\t<\/div>\n\t\t<\/div>\n\t\t\t\t<div class=\"elementor-column elementor-col-50 elementor-top-column elementor-element elementor-element-8e14fb9\" data-id=\"8e14fb9\" data-element_type=\"column\">\n\t\t\t<div class=\"elementor-column-wrap elementor-element-populated\">\n\t\t\t\t\t\t\t<div class=\"elementor-widget-wrap\">\n\t\t\t\t\t\t<div class=\"elementor-element elementor-element-0564194 elementor-widget elementor-widget-html\" data-id=\"0564194\" data-element_type=\"widget\" data-widget_type=\"html.default\">\n\t\t\t\t<div class=\"elementor-widget-container\">\n\t\t\t<center><iframe class=\"pdfjs-viewer\" width=\"900px\" height=\"400px\" src=\"https:\/\/apacolmich.com\/wp-content\/plugins\/pdf-viewer\/stable\/web\/viewer.html?file=http:\/\/apacolmich.com\/wp-content\/uploads\/2020\/10\/2020_10_07Carta-Fideicomisos.pdf\"><\/iframe> <\/center>\t\t<\/div>\n\t\t\t\t<\/div>\n\t\t\t\t\t\t<\/div>\n\t\t\t\t\t<\/div>\n\t\t<\/div>\n\t\t\t\t\t\t\t\t<\/div>\n\t\t\t\t\t<\/div>\n\t\t<\/section>\n\t\t\t\t<section class=\"elementor-section elementor-top-section elementor-element elementor-element-bfccf18 elementor-section-boxed elementor-section-height-default elementor-section-height-default\" data-id=\"bfccf18\" data-element_type=\"section\">\n\t\t\t\t\t\t<div class=\"elementor-container elementor-column-gap-default\">\n\t\t\t\t\t\t\t<div class=\"elementor-row\">\n\t\t\t\t\t<div class=\"elementor-column elementor-col-50 elementor-top-column elementor-element elementor-element-2fc3ab1\" data-id=\"2fc3ab1\" data-element_type=\"column\">\n\t\t\t<div class=\"elementor-column-wrap elementor-element-populated\">\n\t\t\t\t\t\t\t<div class=\"elementor-widget-wrap\">\n\t\t\t\t\t\t<div class=\"elementor-element elementor-element-2dfb397 elementor-widget elementor-widget-html\" data-id=\"2dfb397\" data-element_type=\"widget\" data-widget_type=\"html.default\">\n\t\t\t\t<div class=\"elementor-widget-container\">\n\t\t\t<center><iframe class=\"pdfjs-viewer\" width=\"900px\" height=\"400px\" src=\"https:\/\/apacolmich.com\/wp-content\/plugins\/pdf-viewer\/stable\/web\/viewer.html?file=http:\/\/apacolmich.com\/wp-content\/uploads\/2020\/09\/comunicado_fenasscyt_02_2020-1.pdf\"><\/iframe> <\/center>\t\t<\/div>\n\t\t\t\t<\/div>\n\t\t\t\t\t\t<\/div>\n\t\t\t\t\t<\/div>\n\t\t<\/div>\n\t\t\t\t<div class=\"elementor-column elementor-col-50 elementor-top-column elementor-element elementor-element-703152e\" data-id=\"703152e\" data-element_type=\"column\">\n\t\t\t<div class=\"elementor-column-wrap elementor-element-populated\">\n\t\t\t\t\t\t\t<div class=\"elementor-widget-wrap\">\n\t\t\t\t\t\t<div class=\"elementor-element elementor-element-21291cf elementor-widget elementor-widget-text-editor\" data-id=\"21291cf\" data-element_type=\"widget\" data-widget_type=\"text-editor.default\">\n\t\t\t\t<div class=\"elementor-widget-container\">\n\t\t\t\t\t<div class=\"elementor-text-editor elementor-clearfix\"><h4 style=\"text-align: center;\">Comunicado del FENASSCYT 03-2020<\/h4>\n<h4 style=\"text-align: center;\">Fideicomisos de Ciencia y Tecnolog\u00eda&nbsp;<\/h4><\/div>\n\t\t\t\t<\/div>\n\t\t\t\t<\/div>\n\t\t\t\t<div class=\"elementor-element elementor-element-e3487b6 elementor-widget elementor-widget-text-editor\" data-id=\"e3487b6\" data-element_type=\"widget\" data-widget_type=\"text-editor.default\">\n\t\t\t\t<div class=\"elementor-widget-container\">\n\t\t\t\t\t<div class=\"elementor-text-editor elementor-clearfix\"><h3 style=\"text-align: center;\">28 de septiembre de 2020<\/h3><\/div>\n\t\t\t\t<\/div>\n\t\t\t\t<\/div>\n\t\t\t\t\t\t<\/div>\n\t\t\t\t\t<\/div>\n\t\t<\/div>\n\t\t\t\t\t\t\t\t<\/div>\n\t\t\t\t\t<\/div>\n\t\t<\/section>\n\t\t\t\t<section class=\"elementor-section elementor-top-section elementor-element elementor-element-1591acb elementor-section-boxed elementor-section-height-default elementor-section-height-default\" data-id=\"1591acb\" data-element_type=\"section\">\n\t\t\t\t\t\t<div class=\"elementor-container elementor-column-gap-default\">\n\t\t\t\t\t\t\t<div class=\"elementor-row\">\n\t\t\t\t\t<div class=\"elementor-column elementor-col-50 elementor-top-column elementor-element elementor-element-8688d20\" data-id=\"8688d20\" data-element_type=\"column\">\n\t\t\t<div class=\"elementor-column-wrap elementor-element-populated\">\n\t\t\t\t\t\t\t<div class=\"elementor-widget-wrap\">\n\t\t\t\t\t\t<div class=\"elementor-element elementor-element-9d86f81 elementor-widget elementor-widget-text-editor\" data-id=\"9d86f81\" data-element_type=\"widget\" data-widget_type=\"text-editor.default\">\n\t\t\t\t<div class=\"elementor-widget-container\">\n\t\t\t\t\t<div class=\"elementor-text-editor elementor-clearfix\"><h3 style=\"text-align: center;\">24 de agosto de 2020<\/h3><\/div>\n\t\t\t\t<\/div>\n\t\t\t\t<\/div>\n\t\t\t\t\t\t<\/div>\n\t\t\t\t\t<\/div>\n\t\t<\/div>\n\t\t\t\t<div class=\"elementor-column elementor-col-50 elementor-top-column elementor-element elementor-element-70b728d\" data-id=\"70b728d\" data-element_type=\"column\">\n\t\t\t<div class=\"elementor-column-wrap elementor-element-populated\">\n\t\t\t\t\t\t\t<div class=\"elementor-widget-wrap\">\n\t\t\t\t\t\t<div class=\"elementor-element elementor-element-a4e7109 elementor-widget elementor-widget-image\" data-id=\"a4e7109\" data-element_type=\"widget\" data-widget_type=\"image.default\">\n\t\t\t\t<div class=\"elementor-widget-container\">\n\t\t\t\t\t<div class=\"elementor-image\">\n\t\t\t\t\t\t\t\t\t\t\t<a href=\"https:\/\/www.milenio.com\/ciencia-y-salud\/conforma-federacion-sindicatos-sector-ciencia-tecnologia\" target=\"_blank\">\n\t\t\t\t\t\t\t<img width=\"640\" height=\"279\" src=\"https:\/\/apacolmich.com\/wp-content\/uploads\/2020\/09\/Milenio.png\" class=\"attachment-large size-large\" alt=\"\" loading=\"lazy\" srcset=\"https:\/\/apacolmich.com\/wp-content\/uploads\/2020\/09\/Milenio.png 789w, https:\/\/apacolmich.com\/wp-content\/uploads\/2020\/09\/Milenio-300x131.png 300w, https:\/\/apacolmich.com\/wp-content\/uploads\/2020\/09\/Milenio-768x335.png 768w\" sizes=\"(max-width: 640px) 100vw, 640px\" \/>\t\t\t\t\t\t\t\t<\/a>\n\t\t\t\t\t\t\t\t\t\t\t<\/div>\n\t\t\t\t<\/div>\n\t\t\t\t<\/div>\n\t\t\t\t\t\t<\/div>\n\t\t\t\t\t<\/div>\n\t\t<\/div>\n\t\t\t\t\t\t\t\t<\/div>\n\t\t\t\t\t<\/div>\n\t\t<\/section>\n\t\t\t\t\t\t<\/div>\n\t\t\t\t\t\t<\/div>\n\t\t\t\t\t<\/div>\n\t\t","protected":false},"excerpt":{"rendered":"<p>Difusi\u00f3n 15 de febrero de 2021 Carta FENASSCYT PLENO DE LA SUPREMA CORTE DE JUSTICIA DE LA NACI\u00d3N Los suscritos representantes de veinticinco sindicatos de Centros de Investigaci\u00f3n expresamos nuestro desconcierto ante la pretensi\u00f3n de incorporarnos al r\u00e9gimen laboral burocr\u00e1tico regulado por la Ley Federal de los Trabajadores al Servicio del Estado (apartado B del art\u00edculo 123 Constitucional). Lo anterior debido a una revisi\u00f3n a la jurisprudencia. P.\/J. 1\/96 pendiente&hellip;<\/p>\n","protected":false},"author":2,"featured_media":0,"parent":0,"menu_order":0,"comment_status":"closed","ping_status":"closed","template":"","meta":[],"_links":{"self":[{"href":"https:\/\/apacolmich.com\/index.php\/wp-json\/wp\/v2\/pages\/3943"}],"collection":[{"href":"https:\/\/apacolmich.com\/index.php\/wp-json\/wp\/v2\/pages"}],"about":[{"href":"https:\/\/apacolmich.com\/index.php\/wp-json\/wp\/v2\/types\/page"}],"author":[{"embeddable":true,"href":"https:\/\/apacolmich.com\/index.php\/wp-json\/wp\/v2\/users\/2"}],"replies":[{"embeddable":true,"href":"https:\/\/apacolmich.com\/index.php\/wp-json\/wp\/v2\/comments?post=3943"}],"version-history":[{"count":86,"href":"https:\/\/apacolmich.com\/index.php\/wp-json\/wp\/v2\/pages\/3943\/revisions"}],"predecessor-version":[{"id":4200,"href":"https:\/\/apacolmich.com\/index.php\/wp-json\/wp\/v2\/pages\/3943\/revisions\/4200"}],"wp:attachment":[{"href":"https:\/\/apacolmich.com\/index.php\/wp-json\/wp\/v2\/media?parent=3943"}],"curies":[{"name":"wp","href":"https:\/\/api.w.org\/{rel}","templated":true}]}}