{"id":3734,"date":"2020-08-19T15:52:37","date_gmt":"2020-08-19T20:52:37","guid":{"rendered":"http:\/\/apacolmich.com\/?page_id=3734"},"modified":"2020-09-28T12:43:06","modified_gmt":"2020-09-28T17:43:06","slug":"memorias-2","status":"publish","type":"page","link":"https:\/\/apacolmich.com\/index.php\/memorias-2\/","title":{"rendered":"Memoria"},"content":{"rendered":"\n<div class=\"wp-block-media-text alignwide is-stacked-on-mobile\" style=\"grid-template-columns:45% auto\"><figure class=\"wp-block-media-text__media\"><video controls src=\"http:\/\/apacolmich.com\/wp-content\/uploads\/2020\/08\/2019_Video_Asamblea_Constitutiva.mp4\"><\/video><\/figure><div class=\"wp-block-media-text__content\">\n<p>\u00a0<\/p>\n<h3 style=\"text-align: center;\">3 de junio de 2019 Asamblea Constitutiva de la Asociaci\u00f3n del Personal Acad\u00e9mico de El Colegio de Michoac\u00e1n<\/h3>\n<p>\u00a0<\/p>\n<\/div><\/div>\n\n\n\n<hr class=\"wp-block-separator is-style-dots\"\/>\n\n\n\n<div class=\"wp-block-media-text alignwide has-media-on-the-right is-stacked-on-mobile\" style=\"grid-template-columns:auto 38%\"><figure class=\"wp-block-media-text__media\"><img loading=\"lazy\" width=\"1024\" height=\"768\" src=\"http:\/\/apacolmich.com\/wp-content\/uploads\/2020\/08\/2020_FirmaCCT_2-1024x768.jpeg\" alt=\"\" class=\"wp-image-3738\" srcset=\"https:\/\/apacolmich.com\/wp-content\/uploads\/2020\/08\/2020_FirmaCCT_2-1024x768.jpeg 1024w, https:\/\/apacolmich.com\/wp-content\/uploads\/2020\/08\/2020_FirmaCCT_2-300x225.jpeg 300w, https:\/\/apacolmich.com\/wp-content\/uploads\/2020\/08\/2020_FirmaCCT_2-768x576.jpeg 768w, https:\/\/apacolmich.com\/wp-content\/uploads\/2020\/08\/2020_FirmaCCT_2.jpeg 1152w\" sizes=\"(max-width: 1024px) 100vw, 1024px\" \/><\/figure><div class=\"wp-block-media-text__content\">\n<p>\u00a0<\/p>\n<h3 style=\"text-align: center;\">El d\u00eda 11 de marzo de 2020 el Consejo Directivo, en nombre de los afiliados a la APACOLMICH, suscribi\u00f3 un Contrato Colectivo de Trabajo (CCT) con las autoridades de El Colegio de Michoac\u00e1n, A.C.<\/h3>\n<p>\u00a0<\/p>\n<\/div><\/div>\n\n\n\n<hr class=\"wp-block-separator is-style-dots\"\/>\n\n\n\n<div class=\"wp-block-media-text alignwide is-stacked-on-mobile\" style=\"grid-template-columns:38% auto\"><figure class=\"wp-block-media-text__media\"><img loading=\"lazy\" width=\"1024\" height=\"544\" src=\"http:\/\/apacolmich.com\/wp-content\/uploads\/2020\/09\/20_08_2020_Asamblea-1024x544.jpeg\" alt=\"\" class=\"wp-image-4035\" srcset=\"https:\/\/apacolmich.com\/wp-content\/uploads\/2020\/09\/20_08_2020_Asamblea-1024x544.jpeg 1024w, https:\/\/apacolmich.com\/wp-content\/uploads\/2020\/09\/20_08_2020_Asamblea-300x159.jpeg 300w, https:\/\/apacolmich.com\/wp-content\/uploads\/2020\/09\/20_08_2020_Asamblea-768x408.jpeg 768w, https:\/\/apacolmich.com\/wp-content\/uploads\/2020\/09\/20_08_2020_Asamblea.jpeg 1280w\" sizes=\"(max-width: 1024px) 100vw, 1024px\" \/><\/figure><div class=\"wp-block-media-text__content\">\n<p>\u00a0<\/p>\n<h3 style=\"text-align: center;\">20 de agosto de 2020 Asamblea Constitutiva de la Federaci\u00f3n Nacional de Sindicatos del Sector de la Ciencia y Tecnolog\u00eda (FENASSCYT). Nuestro Secretario General, en representaci\u00f3n de la APACOLMICH, es elegido como titular de la Coordinaci\u00f3n de Asuntos Laborales<\/h3>\n<p>\u00a0<\/p>\n<\/div><\/div>\n\n\n\n<p><\/p>\n","protected":false},"excerpt":{"rendered":"<p>\u00a0 3 de junio de 2019 Asamblea Constitutiva de la Asociaci\u00f3n del Personal Acad\u00e9mico de El Colegio de Michoac\u00e1n \u00a0 \u00a0 El d\u00eda 11 de marzo de 2020 el Consejo Directivo, en nombre de los afiliados a la APACOLMICH, suscribi\u00f3 un Contrato Colectivo de Trabajo (CCT) con las autoridades de El Colegio de Michoac\u00e1n, A.C. \u00a0 \u00a0 20 de agosto de 2020 Asamblea Constitutiva de la Federaci\u00f3n Nacional de Sindicatos&hellip;<\/p>\n","protected":false},"author":2,"featured_media":0,"parent":0,"menu_order":0,"comment_status":"closed","ping_status":"closed","template":"","meta":[],"_links":{"self":[{"href":"https:\/\/apacolmich.com\/index.php\/wp-json\/wp\/v2\/pages\/3734"}],"collection":[{"href":"https:\/\/apacolmich.com\/index.php\/wp-json\/wp\/v2\/pages"}],"about":[{"href":"https:\/\/apacolmich.com\/index.php\/wp-json\/wp\/v2\/types\/page"}],"author":[{"embeddable":true,"href":"https:\/\/apacolmich.com\/index.php\/wp-json\/wp\/v2\/users\/2"}],"replies":[{"embeddable":true,"href":"https:\/\/apacolmich.com\/index.php\/wp-json\/wp\/v2\/comments?post=3734"}],"version-history":[{"count":40,"href":"https:\/\/apacolmich.com\/index.php\/wp-json\/wp\/v2\/pages\/3734\/revisions"}],"predecessor-version":[{"id":4070,"href":"https:\/\/apacolmich.com\/index.php\/wp-json\/wp\/v2\/pages\/3734\/revisions\/4070"}],"wp:attachment":[{"href":"https:\/\/apacolmich.com\/index.php\/wp-json\/wp\/v2\/media?parent=3734"}],"curies":[{"name":"wp","href":"https:\/\/api.w.org\/{rel}","templated":true}]}}