{"id":3411,"date":"2020-08-13T22:04:37","date_gmt":"2020-08-14T03:04:37","guid":{"rendered":"http:\/\/apacolmich.com\/?page_id=3411"},"modified":"2021-03-02T23:47:19","modified_gmt":"2021-03-03T05:47:19","slug":"inicio","status":"publish","type":"page","link":"https:\/\/apacolmich.com\/","title":{"rendered":"Inicio"},"content":{"rendered":"\t\t<div data-elementor-type=\"wp-page\" data-elementor-id=\"3411\" class=\"elementor elementor-3411\" data-elementor-settings=\"[]\">\n\t\t\t\t\t\t<div class=\"elementor-inner\">\n\t\t\t\t\t\t\t<div class=\"elementor-section-wrap\">\n\t\t\t\t\t\t\t<section class=\"elementor-section elementor-top-section elementor-element elementor-element-9e3286c elementor-section-boxed elementor-section-height-default elementor-section-height-default\" data-id=\"9e3286c\" data-element_type=\"section\">\n\t\t\t\t\t\t<div class=\"elementor-container elementor-column-gap-default\">\n\t\t\t\t\t\t\t<div class=\"elementor-row\">\n\t\t\t\t\t<div class=\"elementor-column elementor-col-100 elementor-top-column elementor-element elementor-element-17e6d58\" data-id=\"17e6d58\" data-element_type=\"column\">\n\t\t\t<div class=\"elementor-column-wrap elementor-element-populated\">\n\t\t\t\t\t\t\t<div class=\"elementor-widget-wrap\">\n\t\t\t\t\t\t<div class=\"elementor-element elementor-element-4528cf9 elementor-widget elementor-widget-heading\" data-id=\"4528cf9\" data-element_type=\"widget\" data-widget_type=\"heading.default\">\n\t\t\t\t<div class=\"elementor-widget-container\">\n\t\t\t<h2 class=\"elementor-heading-title elementor-size-default\">Asociaci\u00f3n del Personal Acad\u00e9mico de El Colegio de Michoac\u00e1n<\/h2>\t\t<\/div>\n\t\t\t\t<\/div>\n\t\t\t\t\t\t<\/div>\n\t\t\t\t\t<\/div>\n\t\t<\/div>\n\t\t\t\t\t\t\t\t<\/div>\n\t\t\t\t\t<\/div>\n\t\t<\/section>\n\t\t\t\t<section class=\"elementor-section elementor-top-section elementor-element elementor-element-0a9a7cc elementor-section-full_width elementor-section-height-default elementor-section-height-default\" data-id=\"0a9a7cc\" data-element_type=\"section\">\n\t\t\t\t\t\t<div class=\"elementor-container elementor-column-gap-default\">\n\t\t\t\t\t\t\t<div class=\"elementor-row\">\n\t\t\t\t\t<div class=\"elementor-column elementor-col-100 elementor-top-column elementor-element elementor-element-2f9f97f\" data-id=\"2f9f97f\" data-element_type=\"column\">\n\t\t\t<div class=\"elementor-column-wrap elementor-element-populated\">\n\t\t\t\t\t\t\t<div class=\"elementor-widget-wrap\">\n\t\t\t\t\t\t<div class=\"elementor-element elementor-element-3055082 elementor-widget elementor-widget-image\" data-id=\"3055082\" data-element_type=\"widget\" data-widget_type=\"image.default\">\n\t\t\t\t<div class=\"elementor-widget-container\">\n\t\t\t\t\t<div class=\"elementor-image\">\n\t\t\t\t\t\t\t\t\t\t<img width=\"2560\" height=\"636\" src=\"https:\/\/apacolmich.com\/wp-content\/uploads\/2020\/09\/PAG_Inicio-01-01-scaled.jpg\" class=\"attachment-full size-full\" alt=\"\" loading=\"lazy\" srcset=\"https:\/\/apacolmich.com\/wp-content\/uploads\/2020\/09\/PAG_Inicio-01-01-scaled.jpg 2560w, https:\/\/apacolmich.com\/wp-content\/uploads\/2020\/09\/PAG_Inicio-01-01-300x75.jpg 300w, https:\/\/apacolmich.com\/wp-content\/uploads\/2020\/09\/PAG_Inicio-01-01-1024x255.jpg 1024w, https:\/\/apacolmich.com\/wp-content\/uploads\/2020\/09\/PAG_Inicio-01-01-768x191.jpg 768w, https:\/\/apacolmich.com\/wp-content\/uploads\/2020\/09\/PAG_Inicio-01-01-1536x382.jpg 1536w, https:\/\/apacolmich.com\/wp-content\/uploads\/2020\/09\/PAG_Inicio-01-01-2048x509.jpg 2048w\" sizes=\"(max-width: 2560px) 100vw, 2560px\" \/>\t\t\t\t\t\t\t\t\t\t\t<\/div>\n\t\t\t\t<\/div>\n\t\t\t\t<\/div>\n\t\t\t\t\t\t<\/div>\n\t\t\t\t\t<\/div>\n\t\t<\/div>\n\t\t\t\t\t\t\t\t<\/div>\n\t\t\t\t\t<\/div>\n\t\t<\/section>\n\t\t\t\t<section class=\"elementor-section elementor-top-section elementor-element elementor-element-85095ef elementor-section-content-middle elementor-section-full_width elementor-section-height-default elementor-section-height-default\" data-id=\"85095ef\" data-element_type=\"section\" data-settings=\"{&quot;background_background&quot;:&quot;classic&quot;}\">\n\t\t\t\t\t\t<div class=\"elementor-container elementor-column-gap-no\">\n\t\t\t\t\t\t\t<div class=\"elementor-row\">\n\t\t\t\t\t<div class=\"elementor-column elementor-col-100 elementor-top-column elementor-element elementor-element-5a1cefaa\" data-id=\"5a1cefaa\" data-element_type=\"column\">\n\t\t\t<div class=\"elementor-column-wrap elementor-element-populated\">\n\t\t\t\t\t\t\t<div class=\"elementor-widget-wrap\">\n\t\t\t\t\t\t<div class=\"elementor-element elementor-element-713216ac elementor-widget elementor-widget-text-editor\" data-id=\"713216ac\" data-element_type=\"widget\" data-widget_type=\"text-editor.default\">\n\t\t\t\t<div class=\"elementor-widget-container\">\n\t\t\t\t\t<div class=\"elementor-text-editor elementor-clearfix\"><h3><strong><span style=\"color: #ffffff;\">ORIGEN<\/span><\/strong><\/h3><h3 style=\"text-align: justify;\"><span style=\"color: #ffffff; font-size: 18px;\">En la Ciudad de Zamora, Michoac\u00e1n, siendo las diecisiete horas del d\u00eda tres de junio de dos mil diecinueve, encontr\u00e1ndonos presentes en las instalaciones de El Colegio de Michoac\u00e1n, A. C., por votaci\u00f3n un\u00e1nime, la Asamblea acord\u00f3 constituir el APACOLMICH.<\/span><\/h3><\/div>\n\t\t\t\t<\/div>\n\t\t\t\t<\/div>\n\t\t\t\t\t\t<\/div>\n\t\t\t\t\t<\/div>\n\t\t<\/div>\n\t\t\t\t\t\t\t\t<\/div>\n\t\t\t\t\t<\/div>\n\t\t<\/section>\n\t\t\t\t<section class=\"elementor-section elementor-top-section elementor-element elementor-element-697db0d elementor-section-boxed elementor-section-height-default elementor-section-height-default\" data-id=\"697db0d\" data-element_type=\"section\" data-settings=\"{&quot;background_background&quot;:&quot;classic&quot;}\">\n\t\t\t\t\t\t<div class=\"elementor-container elementor-column-gap-default\">\n\t\t\t\t\t\t\t<div class=\"elementor-row\">\n\t\t\t\t\t<div class=\"elementor-column elementor-col-100 elementor-top-column elementor-element elementor-element-aefbf8f\" data-id=\"aefbf8f\" data-element_type=\"column\" data-settings=\"{&quot;background_background&quot;:&quot;classic&quot;}\">\n\t\t\t<div class=\"elementor-column-wrap elementor-element-populated\">\n\t\t\t\t\t\t\t<div class=\"elementor-widget-wrap\">\n\t\t\t\t\t\t<div class=\"elementor-element elementor-element-fea7367 elementor-widget elementor-widget-heading\" data-id=\"fea7367\" data-element_type=\"widget\" data-widget_type=\"heading.default\">\n\t\t\t\t<div class=\"elementor-widget-container\">\n\t\t\t<h2 class=\"elementor-heading-title elementor-size-default\">\u00a1NO AL APARTADO B!<\/h2>\t\t<\/div>\n\t\t\t\t<\/div>\n\t\t\t\t\t\t<\/div>\n\t\t\t\t\t<\/div>\n\t\t<\/div>\n\t\t\t\t\t\t\t\t<\/div>\n\t\t\t\t\t<\/div>\n\t\t<\/section>\n\t\t\t\t<section class=\"elementor-section elementor-top-section elementor-element elementor-element-341ffb14 elementor-section-content-middle elementor-section-boxed elementor-section-height-default elementor-section-height-default\" data-id=\"341ffb14\" data-element_type=\"section\">\n\t\t\t\t\t\t<div class=\"elementor-container elementor-column-gap-no\">\n\t\t\t\t\t\t\t<div class=\"elementor-row\">\n\t\t\t\t\t<div class=\"elementor-column elementor-col-100 elementor-top-column elementor-element elementor-element-1e86d640\" data-id=\"1e86d640\" data-element_type=\"column\">\n\t\t\t<div class=\"elementor-column-wrap elementor-element-populated\">\n\t\t\t\t\t\t\t<div class=\"elementor-widget-wrap\">\n\t\t\t\t\t\t<section class=\"elementor-section elementor-inner-section elementor-element elementor-element-17912c8c elementor-section-content-middle elementor-section-boxed elementor-section-height-default elementor-section-height-default\" data-id=\"17912c8c\" data-element_type=\"section\">\n\t\t\t\t\t\t<div class=\"elementor-container elementor-column-gap-no\">\n\t\t\t\t\t\t\t<div class=\"elementor-row\">\n\t\t\t\t\t<div class=\"elementor-column elementor-col-25 elementor-inner-column elementor-element elementor-element-9a8e26f\" data-id=\"9a8e26f\" data-element_type=\"column\">\n\t\t\t<div class=\"elementor-column-wrap elementor-element-populated\">\n\t\t\t\t\t\t\t<div class=\"elementor-widget-wrap\">\n\t\t\t\t\t\t<div class=\"elementor-element elementor-element-88c8b7d elementor-position-top elementor-vertical-align-top elementor-widget elementor-widget-image-box\" data-id=\"88c8b7d\" data-element_type=\"widget\" data-widget_type=\"image-box.default\">\n\t\t\t\t<div class=\"elementor-widget-container\">\n\t\t\t<div class=\"elementor-image-box-wrapper\"><figure class=\"elementor-image-box-img\"><a href=\"https:\/\/apacolmich.com\/index.php\/memorias-2\/\"><img width=\"512\" height=\"463\" src=\"https:\/\/apacolmich.com\/wp-content\/uploads\/2020\/08\/Memorias.png\" class=\"attachment-full size-full\" alt=\"\" loading=\"lazy\" srcset=\"https:\/\/apacolmich.com\/wp-content\/uploads\/2020\/08\/Memorias.png 512w, https:\/\/apacolmich.com\/wp-content\/uploads\/2020\/08\/Memorias-300x271.png 300w\" sizes=\"(max-width: 512px) 100vw, 512px\" \/><\/a><\/figure><div class=\"elementor-image-box-content\"><h3 class=\"elementor-image-box-title\"><a href=\"https:\/\/apacolmich.com\/index.php\/memorias-2\/\">Memoria<\/a><\/h3><\/div><\/div>\t\t<\/div>\n\t\t\t\t<\/div>\n\t\t\t\t\t\t<\/div>\n\t\t\t\t\t<\/div>\n\t\t<\/div>\n\t\t\t\t<div class=\"elementor-column elementor-col-25 elementor-inner-column elementor-element elementor-element-76abddb\" data-id=\"76abddb\" data-element_type=\"column\">\n\t\t\t<div class=\"elementor-column-wrap elementor-element-populated\">\n\t\t\t\t\t\t\t<div class=\"elementor-widget-wrap\">\n\t\t\t\t\t\t<div class=\"elementor-element elementor-element-30ce044 elementor-position-top elementor-vertical-align-top elementor-widget elementor-widget-image-box\" data-id=\"30ce044\" data-element_type=\"widget\" data-widget_type=\"image-box.default\">\n\t\t\t\t<div class=\"elementor-widget-container\">\n\t\t\t<div class=\"elementor-image-box-wrapper\"><figure class=\"elementor-image-box-img\"><a href=\"https:\/\/apacolmich.com\/index.php\/difusion\/\"><img width=\"450\" height=\"450\" src=\"https:\/\/apacolmich.com\/wp-content\/uploads\/2020\/09\/boc.jpg\" class=\"attachment-1536x1536 size-1536x1536\" alt=\"\" loading=\"lazy\" srcset=\"https:\/\/apacolmich.com\/wp-content\/uploads\/2020\/09\/boc.jpg 450w, https:\/\/apacolmich.com\/wp-content\/uploads\/2020\/09\/boc-300x300.jpg 300w, https:\/\/apacolmich.com\/wp-content\/uploads\/2020\/09\/boc-150x150.jpg 150w\" sizes=\"(max-width: 450px) 100vw, 450px\" \/><\/a><\/figure><div class=\"elementor-image-box-content\"><h3 class=\"elementor-image-box-title\"><a href=\"https:\/\/apacolmich.com\/index.php\/difusion\/\">Difusi\u00f3n<\/a><\/h3><\/div><\/div>\t\t<\/div>\n\t\t\t\t<\/div>\n\t\t\t\t\t\t<\/div>\n\t\t\t\t\t<\/div>\n\t\t<\/div>\n\t\t\t\t<div class=\"elementor-column elementor-col-25 elementor-inner-column elementor-element elementor-element-b46d0cd\" data-id=\"b46d0cd\" data-element_type=\"column\">\n\t\t\t<div class=\"elementor-column-wrap elementor-element-populated\">\n\t\t\t\t\t\t\t<div class=\"elementor-widget-wrap\">\n\t\t\t\t\t\t<div class=\"elementor-element elementor-element-07b8483 elementor-position-top elementor-vertical-align-top elementor-widget elementor-widget-image-box\" data-id=\"07b8483\" data-element_type=\"widget\" data-widget_type=\"image-box.default\">\n\t\t\t\t<div class=\"elementor-widget-container\">\n\t\t\t<div class=\"elementor-image-box-wrapper\"><figure class=\"elementor-image-box-img\"><a href=\"https:\/\/apacolmich.com\/index.php\/capacitacion-2\/\"><img width=\"388\" height=\"300\" src=\"https:\/\/apacolmich.com\/wp-content\/uploads\/2020\/08\/capacitacion.png\" class=\"attachment-full size-full\" alt=\"\" loading=\"lazy\" srcset=\"https:\/\/apacolmich.com\/wp-content\/uploads\/2020\/08\/capacitacion.png 388w, https:\/\/apacolmich.com\/wp-content\/uploads\/2020\/08\/capacitacion-300x232.png 300w\" sizes=\"(max-width: 388px) 100vw, 388px\" \/><\/a><\/figure><div class=\"elementor-image-box-content\"><h3 class=\"elementor-image-box-title\"><a href=\"https:\/\/apacolmich.com\/index.php\/capacitacion-2\/\">Capacitaci\u00f3n<\/a><\/h3><\/div><\/div>\t\t<\/div>\n\t\t\t\t<\/div>\n\t\t\t\t\t\t<\/div>\n\t\t\t\t\t<\/div>\n\t\t<\/div>\n\t\t\t\t<div class=\"elementor-column elementor-col-25 elementor-inner-column elementor-element elementor-element-c5aad8a\" data-id=\"c5aad8a\" data-element_type=\"column\">\n\t\t\t<div class=\"elementor-column-wrap elementor-element-populated\">\n\t\t\t\t\t\t\t<div class=\"elementor-widget-wrap\">\n\t\t\t\t\t\t<div class=\"elementor-element elementor-element-43fd356 elementor-position-top elementor-vertical-align-top elementor-widget elementor-widget-image-box\" data-id=\"43fd356\" data-element_type=\"widget\" data-widget_type=\"image-box.default\">\n\t\t\t\t<div class=\"elementor-widget-container\">\n\t\t\t<div class=\"elementor-image-box-wrapper\"><figure class=\"elementor-image-box-img\"><a href=\"https:\/\/apacolmich.com\/index.php\/contacto\/\"><img width=\"450\" height=\"450\" src=\"https:\/\/apacolmich.com\/wp-content\/uploads\/2020\/09\/mensa.jpg\" class=\"attachment-2048x2048 size-2048x2048\" alt=\"\" loading=\"lazy\" srcset=\"https:\/\/apacolmich.com\/wp-content\/uploads\/2020\/09\/mensa.jpg 450w, https:\/\/apacolmich.com\/wp-content\/uploads\/2020\/09\/mensa-300x300.jpg 300w, https:\/\/apacolmich.com\/wp-content\/uploads\/2020\/09\/mensa-150x150.jpg 150w\" sizes=\"(max-width: 450px) 100vw, 450px\" \/><\/a><\/figure><div class=\"elementor-image-box-content\"><h3 class=\"elementor-image-box-title\"><a href=\"https:\/\/apacolmich.com\/index.php\/contacto\/\">Contacto<\/a><\/h3><\/div><\/div>\t\t<\/div>\n\t\t\t\t<\/div>\n\t\t\t\t\t\t<\/div>\n\t\t\t\t\t<\/div>\n\t\t<\/div>\n\t\t\t\t\t\t\t\t<\/div>\n\t\t\t\t\t<\/div>\n\t\t<\/section>\n\t\t\t\t\t\t<\/div>\n\t\t\t\t\t<\/div>\n\t\t<\/div>\n\t\t\t\t\t\t\t\t<\/div>\n\t\t\t\t\t<\/div>\n\t\t<\/section>\n\t\t\t\t\t\t<\/div>\n\t\t\t\t\t\t<\/div>\n\t\t\t\t\t<\/div>\n\t\t","protected":false},"excerpt":{"rendered":"<p>Asociaci\u00f3n del Personal Acad\u00e9mico de El Colegio de Michoac\u00e1n ORIGEN En la Ciudad de Zamora, Michoac\u00e1n, siendo las diecisiete horas del d\u00eda tres de junio de dos mil diecinueve, encontr\u00e1ndonos presentes en las instalaciones de El Colegio de Michoac\u00e1n, A. C., por votaci\u00f3n un\u00e1nime, la Asamblea acord\u00f3 constituir el APACOLMICH. \u00a1NO AL APARTADO B! Memoria Difusi\u00f3n Capacitaci\u00f3n Contacto<\/p>\n","protected":false},"author":2,"featured_media":0,"parent":0,"menu_order":0,"comment_status":"closed","ping_status":"closed","template":"","meta":[],"_links":{"self":[{"href":"https:\/\/apacolmich.com\/index.php\/wp-json\/wp\/v2\/pages\/3411"}],"collection":[{"href":"https:\/\/apacolmich.com\/index.php\/wp-json\/wp\/v2\/pages"}],"about":[{"href":"https:\/\/apacolmich.com\/index.php\/wp-json\/wp\/v2\/types\/page"}],"author":[{"embeddable":true,"href":"https:\/\/apacolmich.com\/index.php\/wp-json\/wp\/v2\/users\/2"}],"replies":[{"embeddable":true,"href":"https:\/\/apacolmich.com\/index.php\/wp-json\/wp\/v2\/comments?post=3411"}],"version-history":[{"count":119,"href":"https:\/\/apacolmich.com\/index.php\/wp-json\/wp\/v2\/pages\/3411\/revisions"}],"predecessor-version":[{"id":4197,"href":"https:\/\/apacolmich.com\/index.php\/wp-json\/wp\/v2\/pages\/3411\/revisions\/4197"}],"wp:attachment":[{"href":"https:\/\/apacolmich.com\/index.php\/wp-json\/wp\/v2\/media?parent=3411"}],"curies":[{"name":"wp","href":"https:\/\/api.w.org\/{rel}","templated":true}]}}